{"id":62,"date":"2025-11-27T19:49:53","date_gmt":"2025-11-27T18:49:53","guid":{"rendered":"https:\/\/videos2016.net\/?page_id=62"},"modified":"2026-02-21T23:38:25","modified_gmt":"2026-02-21T22:38:25","slug":"%d8%a7%d8%aa%d8%b5%d9%84-%d8%a8%d9%86%d8%a7","status":"publish","type":"page","link":"https:\/\/videos2016.net\/?page_id=62","title":{"rendered":"Contactez-nous"},"content":{"rendered":"<p>Merci de votre visite sur Videos2016.net.<\/p>\n<p>Pour toute question, suggestion ou remarque, n&rsquo;h\u00e9sitez pas \u00e0 nous contacter.<\/p>\n<p>Adresse e-mail\u00a0: contact@videos2016.net<\/p>\n<p>Nous vous invitons \u00e0\u00a0: \u2022 Signaler des erreurs ou des probl\u00e8mes techniques sur le site<\/p>\n<p>\u2022 Demander la suppression ou la modification de contenu<\/p>\n<p>\u2022 Demander des informations sur les services du site<\/p>\n<p>\u2022 Nous faire part de vos suggestions pour am\u00e9liorer le site ou ajouter de nouvelles sections. Nous nous effor\u00e7ons de r\u00e9pondre \u00e0 tous les messages sous 48\u00a0heures.<\/p>\n","protected":false},"excerpt":{"rendered":"<p>Merci de votre visite sur Videos2016.net. Pour toute question, suggestion ou remarque, n&rsquo;h\u00e9sitez pas \u00e0 nous contacter. Adresse e-mail\u00a0: contact@videos2016.net Nous vous invitons \u00e0\u00a0: \u2022 Signaler des erreurs ou des probl\u00e8mes techniques sur le site \u2022 Demander la suppression ou la modification de contenu \u2022 Demander des informations sur les services du site \u2022 Nous &hellip;<\/p>\n","protected":false},"author":1,"featured_media":0,"parent":0,"menu_order":0,"comment_status":"closed","ping_status":"closed","template":"","meta":{"footnotes":""},"class_list":["post-62","page","type-page","status-publish","hentry"],"yoast_head":"<!-- This site is optimized with the Yoast SEO plugin v27.1.1 - https:\/\/yoast.com\/product\/yoast-seo-wordpress\/ -->\n<title>Contactez-nous - News<\/title>\n<meta name=\"robots\" content=\"index, follow, max-snippet:-1, max-image-preview:large, max-video-preview:-1\" \/>\n<link rel=\"canonical\" href=\"https:\/\/videos2016.net\/?page_id=62\" \/>\n<meta property=\"og:locale\" content=\"fr_FR\" \/>\n<meta property=\"og:type\" content=\"article\" \/>\n<meta property=\"og:title\" content=\"Contactez-nous - News\" \/>\n<meta property=\"og:description\" content=\"Merci de votre visite sur Videos2016.net. Pour toute question, suggestion ou remarque, n&rsquo;h\u00e9sitez pas \u00e0 nous contacter. Adresse e-mail\u00a0: contact@videos2016.net Nous vous invitons \u00e0\u00a0: \u2022 Signaler des erreurs ou des probl\u00e8mes techniques sur le site \u2022 Demander la suppression ou la modification de contenu \u2022 Demander des informations sur les services du site \u2022 Nous &hellip;\" \/>\n<meta property=\"og:url\" content=\"https:\/\/videos2016.net\/?page_id=62\" \/>\n<meta property=\"og:site_name\" content=\"News\" \/>\n<meta property=\"article:modified_time\" content=\"2026-02-21T22:38:25+00:00\" \/>\n<meta name=\"twitter:card\" content=\"summary_large_image\" \/>\n<script type=\"application\/ld+json\" class=\"yoast-schema-graph\">{\"@context\":\"https:\/\/schema.org\",\"@graph\":[{\"@type\":\"WebPage\",\"@id\":\"https:\/\/videos2016.net\/?page_id=62\",\"url\":\"https:\/\/videos2016.net\/?page_id=62\",\"name\":\"Contactez-nous - News\",\"isPartOf\":{\"@id\":\"https:\/\/videos2016.net\/#website\"},\"datePublished\":\"2025-11-27T18:49:53+00:00\",\"dateModified\":\"2026-02-21T22:38:25+00:00\",\"breadcrumb\":{\"@id\":\"https:\/\/videos2016.net\/?page_id=62#breadcrumb\"},\"inLanguage\":\"fr-FR\",\"potentialAction\":[{\"@type\":\"ReadAction\",\"target\":[\"https:\/\/videos2016.net\/?page_id=62\"]}]},{\"@type\":\"BreadcrumbList\",\"@id\":\"https:\/\/videos2016.net\/?page_id=62#breadcrumb\",\"itemListElement\":[{\"@type\":\"ListItem\",\"position\":1,\"name\":\"Accueil\",\"item\":\"https:\/\/videos2016.net\/\"},{\"@type\":\"ListItem\",\"position\":2,\"name\":\"Contactez-nous\"}]},{\"@type\":\"WebSite\",\"@id\":\"https:\/\/videos2016.net\/#website\",\"url\":\"https:\/\/videos2016.net\/\",\"name\":\"News\",\"description\":\"\",\"potentialAction\":[{\"@type\":\"SearchAction\",\"target\":{\"@type\":\"EntryPoint\",\"urlTemplate\":\"https:\/\/videos2016.net\/?s={search_term_string}\"},\"query-input\":{\"@type\":\"PropertyValueSpecification\",\"valueRequired\":true,\"valueName\":\"search_term_string\"}}],\"inLanguage\":\"fr-FR\"}]}<\/script>\n<!-- \/ Yoast SEO plugin. -->","yoast_head_json":{"title":"Contactez-nous - News","robots":{"index":"index","follow":"follow","max-snippet":"max-snippet:-1","max-image-preview":"max-image-preview:large","max-video-preview":"max-video-preview:-1"},"canonical":"https:\/\/videos2016.net\/?page_id=62","og_locale":"fr_FR","og_type":"article","og_title":"Contactez-nous - News","og_description":"Merci de votre visite sur Videos2016.net. Pour toute question, suggestion ou remarque, n&rsquo;h\u00e9sitez pas \u00e0 nous contacter. Adresse e-mail\u00a0: contact@videos2016.net Nous vous invitons \u00e0\u00a0: \u2022 Signaler des erreurs ou des probl\u00e8mes techniques sur le site \u2022 Demander la suppression ou la modification de contenu \u2022 Demander des informations sur les services du site \u2022 Nous &hellip;","og_url":"https:\/\/videos2016.net\/?page_id=62","og_site_name":"News","article_modified_time":"2026-02-21T22:38:25+00:00","twitter_card":"summary_large_image","schema":{"@context":"https:\/\/schema.org","@graph":[{"@type":"WebPage","@id":"https:\/\/videos2016.net\/?page_id=62","url":"https:\/\/videos2016.net\/?page_id=62","name":"Contactez-nous - News","isPartOf":{"@id":"https:\/\/videos2016.net\/#website"},"datePublished":"2025-11-27T18:49:53+00:00","dateModified":"2026-02-21T22:38:25+00:00","breadcrumb":{"@id":"https:\/\/videos2016.net\/?page_id=62#breadcrumb"},"inLanguage":"fr-FR","potentialAction":[{"@type":"ReadAction","target":["https:\/\/videos2016.net\/?page_id=62"]}]},{"@type":"BreadcrumbList","@id":"https:\/\/videos2016.net\/?page_id=62#breadcrumb","itemListElement":[{"@type":"ListItem","position":1,"name":"Accueil","item":"https:\/\/videos2016.net\/"},{"@type":"ListItem","position":2,"name":"Contactez-nous"}]},{"@type":"WebSite","@id":"https:\/\/videos2016.net\/#website","url":"https:\/\/videos2016.net\/","name":"News","description":"","potentialAction":[{"@type":"SearchAction","target":{"@type":"EntryPoint","urlTemplate":"https:\/\/videos2016.net\/?s={search_term_string}"},"query-input":{"@type":"PropertyValueSpecification","valueRequired":true,"valueName":"search_term_string"}}],"inLanguage":"fr-FR"}]}},"_links":{"self":[{"href":"https:\/\/videos2016.net\/index.php?rest_route=\/wp\/v2\/pages\/62","targetHints":{"allow":["GET"]}}],"collection":[{"href":"https:\/\/videos2016.net\/index.php?rest_route=\/wp\/v2\/pages"}],"about":[{"href":"https:\/\/videos2016.net\/index.php?rest_route=\/wp\/v2\/types\/page"}],"author":[{"embeddable":true,"href":"https:\/\/videos2016.net\/index.php?rest_route=\/wp\/v2\/users\/1"}],"replies":[{"embeddable":true,"href":"https:\/\/videos2016.net\/index.php?rest_route=%2Fwp%2Fv2%2Fcomments&post=62"}],"version-history":[{"count":2,"href":"https:\/\/videos2016.net\/index.php?rest_route=\/wp\/v2\/pages\/62\/revisions"}],"predecessor-version":[{"id":295,"href":"https:\/\/videos2016.net\/index.php?rest_route=\/wp\/v2\/pages\/62\/revisions\/295"}],"wp:attachment":[{"href":"https:\/\/videos2016.net\/index.php?rest_route=%2Fwp%2Fv2%2Fmedia&parent=62"}],"curies":[{"name":"wp","href":"https:\/\/api.w.org\/{rel}","templated":true}]}}