{"id":64,"date":"2025-11-27T19:55:53","date_gmt":"2025-11-27T18:55:53","guid":{"rendered":"https:\/\/videos2016.net\/?page_id=64"},"modified":"2026-02-21T23:39:23","modified_gmt":"2026-02-21T22:39:23","slug":"%d8%b3%d9%8a%d8%a7%d8%b3%d8%a9-%d8%a7%d9%84%d8%ae%d8%b5%d9%88%d8%b5%d9%8a%d8%a9","status":"publish","type":"page","link":"https:\/\/videos2016.net\/?page_id=64","title":{"rendered":"politique de confidentialit\u00e9"},"content":{"rendered":"<p>Politique de confidentialit\u00e9 de Videos2016.net<\/p>\n<p>1. Introduction<\/p>\n<p>Cette politique explique comment nous recueillons, utilisons et prot\u00e9geons les donn\u00e9es personnelles des utilisateurs lorsqu&rsquo;ils visitent le site web Videos2016.net. Nous nous engageons \u00e0 prot\u00e9ger votre vie priv\u00e9e et \u00e0 respecter la l\u00e9gislation applicable en mati\u00e8re de protection des donn\u00e9es.<\/p>\n<p>2. \u00c0 propos<\/p>\n<p>Le site web Videos2016.net est g\u00e9r\u00e9 par ses administrateurs.<\/p>\n<p>Pour toute question relative \u00e0 vos donn\u00e9es personnelles, veuillez nous contacter \u00e0 l&rsquo;adresse\u00a0: contact@videos2016.net<\/p>\n<p>3. Donn\u00e9es collect\u00e9es<\/p>\n<p>Nous pouvons collecter deux types de donn\u00e9es\u00a0:<\/p>\n<p>A. Donn\u00e9es fournies volontairement par l&rsquo;utilisateur, telles que\u00a0:<\/p>\n<p>\u2022 Nom (le cas \u00e9ch\u00e9ant)<\/p>\n<p>\u2022 Adresse e-mail<\/p>\n<p>\u2022 Contenu des messages envoy\u00e9s via la page de contact<\/p>\n<p>B. Donn\u00e9es collect\u00e9es automatiquement, telles que\u00a0: \u2022 Adresse IP<\/p>\n<p>\u2022 Type de navigateur et d&rsquo;appareil<\/p>\n<p>\u2022 Pages consult\u00e9es<\/p>\n<p>\u2022 Cookies<\/p>\n<p>4. Utilisation de vos donn\u00e9es<br \/>\nVos donn\u00e9es sont utilis\u00e9es dans les cas suivants\u00a0:<\/p>\n<p>\u2022 R\u00e9ponse aux messages et demandes<\/p>\n<p>\u2022 Am\u00e9lioration des performances du site web et de l&rsquo;exp\u00e9rience utilisateur<\/p>\n<p>\u2022 Analyse des statistiques et du trafic<\/p>\n<p>\u2022 Garantie de la s\u00e9curit\u00e9 et pr\u00e9vention des abus<\/p>\n<p>5. Utilisation des cookies<\/p>\n<p>Ce site web utilise des cookies pour\u00a0:<\/p>\n<p>\u2022 Am\u00e9liorer la vitesse et les performances de navigation<\/p>\n<p>\u2022 Enregistrer vos pr\u00e9f\u00e9rences<\/p>\n<p>\u2022 Analyser les statistiques et suivre les performances des pages. Vous pouvez accepter ou refuser les cookies via les param\u00e8tres de votre navigateur.<\/p>\n<p>6. Partage des donn\u00e9es<\/p>\n<p>Nous ne vendons ni ne louons vos donn\u00e9es \u00e0 des tiers.<\/p>\n<p>Nous pouvons partager vos donn\u00e9es uniquement dans les cas suivants\u00a0:<\/p>\n<p>\u2022 Pour nous conformer \u00e0 la loi ou sur ordre des autorit\u00e9s comp\u00e9tentes<\/p>\n<p>\u2022 Lorsque cela est techniquement n\u00e9cessaire pour am\u00e9liorer les services du site web<\/p>\n<p>7. S\u00e9curit\u00e9 des donn\u00e9es Nous mettons en \u0153uvre des mesures de s\u00e9curit\u00e9 pour emp\u00eacher tout acc\u00e8s non autoris\u00e9 \u00e0 vos donn\u00e9es et nous ne les conservons pas plus longtemps que n\u00e9cessaire aux fins indiqu\u00e9es.<\/p>\n<p>8. Vos droits Vous avez le droit de\u00a0:<\/p>\n<p>\u2022 Demander l\u2019acc\u00e8s \u00e0 vos donn\u00e9es personnelles<\/p>\n<p>\u2022 Demander la rectification ou la suppression de vos donn\u00e9es<\/p>\n<p>\u2022 Vous opposer \u00e0 leur traitement. Vous pouvez exercer ces droits en envoyant un courriel \u00e0\u00a0: contact@videos2016.net<\/p>\n<p>9.<\/p>\n<p>Mises \u00e0 jour de la politique de confidentialit\u00e9 Nous nous r\u00e9servons le droit de mettre \u00e0 jour cette politique de temps \u00e0 autre.<\/p>\n<p>La derni\u00e8re mise \u00e0 jour sera publi\u00e9e sur cette page.<\/p>\n<p>Date de la derni\u00e8re mise \u00e0 jour\u00a0: 27 novembre 2025<\/p>\n","protected":false},"excerpt":{"rendered":"<p>Politique de confidentialit\u00e9 de Videos2016.net 1. Introduction Cette politique explique comment nous recueillons, utilisons et prot\u00e9geons les donn\u00e9es personnelles des utilisateurs lorsqu&rsquo;ils visitent le site web Videos2016.net. Nous nous engageons \u00e0 prot\u00e9ger votre vie priv\u00e9e et \u00e0 respecter la l\u00e9gislation applicable en mati\u00e8re de protection des donn\u00e9es. 2. \u00c0 propos Le site web Videos2016.net est &hellip;<\/p>\n","protected":false},"author":1,"featured_media":0,"parent":0,"menu_order":0,"comment_status":"closed","ping_status":"closed","template":"","meta":{"footnotes":""},"class_list":["post-64","page","type-page","status-publish","hentry"],"yoast_head":"<!-- This site is optimized with the Yoast SEO plugin v27.1.1 - https:\/\/yoast.com\/product\/yoast-seo-wordpress\/ -->\n<title>politique de confidentialit\u00e9 - News<\/title>\n<meta name=\"robots\" content=\"index, follow, max-snippet:-1, max-image-preview:large, max-video-preview:-1\" \/>\n<link rel=\"canonical\" href=\"https:\/\/videos2016.net\/?page_id=64\" \/>\n<meta property=\"og:locale\" content=\"fr_FR\" \/>\n<meta property=\"og:type\" content=\"article\" \/>\n<meta property=\"og:title\" content=\"politique de confidentialit\u00e9 - News\" \/>\n<meta property=\"og:description\" content=\"Politique de confidentialit\u00e9 de Videos2016.net 1. Introduction Cette politique explique comment nous recueillons, utilisons et prot\u00e9geons les donn\u00e9es personnelles des utilisateurs lorsqu&rsquo;ils visitent le site web Videos2016.net. Nous nous engageons \u00e0 prot\u00e9ger votre vie priv\u00e9e et \u00e0 respecter la l\u00e9gislation applicable en mati\u00e8re de protection des donn\u00e9es. 2. \u00c0 propos Le site web Videos2016.net est &hellip;\" \/>\n<meta property=\"og:url\" content=\"https:\/\/videos2016.net\/?page_id=64\" \/>\n<meta property=\"og:site_name\" content=\"News\" \/>\n<meta property=\"article:modified_time\" content=\"2026-02-21T22:39:23+00:00\" \/>\n<meta name=\"twitter:card\" content=\"summary_large_image\" \/>\n<meta name=\"twitter:label1\" content=\"Dur\u00e9e de lecture estim\u00e9e\" \/>\n\t<meta name=\"twitter:data1\" content=\"2 minutes\" \/>\n<script type=\"application\/ld+json\" class=\"yoast-schema-graph\">{\"@context\":\"https:\/\/schema.org\",\"@graph\":[{\"@type\":\"WebPage\",\"@id\":\"https:\/\/videos2016.net\/?page_id=64\",\"url\":\"https:\/\/videos2016.net\/?page_id=64\",\"name\":\"politique de confidentialit\u00e9 - News\",\"isPartOf\":{\"@id\":\"https:\/\/videos2016.net\/#website\"},\"datePublished\":\"2025-11-27T18:55:53+00:00\",\"dateModified\":\"2026-02-21T22:39:23+00:00\",\"breadcrumb\":{\"@id\":\"https:\/\/videos2016.net\/?page_id=64#breadcrumb\"},\"inLanguage\":\"fr-FR\",\"potentialAction\":[{\"@type\":\"ReadAction\",\"target\":[\"https:\/\/videos2016.net\/?page_id=64\"]}]},{\"@type\":\"BreadcrumbList\",\"@id\":\"https:\/\/videos2016.net\/?page_id=64#breadcrumb\",\"itemListElement\":[{\"@type\":\"ListItem\",\"position\":1,\"name\":\"Accueil\",\"item\":\"https:\/\/videos2016.net\/\"},{\"@type\":\"ListItem\",\"position\":2,\"name\":\"politique de confidentialit\u00e9\"}]},{\"@type\":\"WebSite\",\"@id\":\"https:\/\/videos2016.net\/#website\",\"url\":\"https:\/\/videos2016.net\/\",\"name\":\"News\",\"description\":\"\",\"potentialAction\":[{\"@type\":\"SearchAction\",\"target\":{\"@type\":\"EntryPoint\",\"urlTemplate\":\"https:\/\/videos2016.net\/?s={search_term_string}\"},\"query-input\":{\"@type\":\"PropertyValueSpecification\",\"valueRequired\":true,\"valueName\":\"search_term_string\"}}],\"inLanguage\":\"fr-FR\"}]}<\/script>\n<!-- \/ Yoast SEO plugin. -->","yoast_head_json":{"title":"politique de confidentialit\u00e9 - News","robots":{"index":"index","follow":"follow","max-snippet":"max-snippet:-1","max-image-preview":"max-image-preview:large","max-video-preview":"max-video-preview:-1"},"canonical":"https:\/\/videos2016.net\/?page_id=64","og_locale":"fr_FR","og_type":"article","og_title":"politique de confidentialit\u00e9 - News","og_description":"Politique de confidentialit\u00e9 de Videos2016.net 1. Introduction Cette politique explique comment nous recueillons, utilisons et prot\u00e9geons les donn\u00e9es personnelles des utilisateurs lorsqu&rsquo;ils visitent le site web Videos2016.net. Nous nous engageons \u00e0 prot\u00e9ger votre vie priv\u00e9e et \u00e0 respecter la l\u00e9gislation applicable en mati\u00e8re de protection des donn\u00e9es. 2. \u00c0 propos Le site web Videos2016.net est &hellip;","og_url":"https:\/\/videos2016.net\/?page_id=64","og_site_name":"News","article_modified_time":"2026-02-21T22:39:23+00:00","twitter_card":"summary_large_image","twitter_misc":{"Dur\u00e9e de lecture estim\u00e9e":"2 minutes"},"schema":{"@context":"https:\/\/schema.org","@graph":[{"@type":"WebPage","@id":"https:\/\/videos2016.net\/?page_id=64","url":"https:\/\/videos2016.net\/?page_id=64","name":"politique de confidentialit\u00e9 - News","isPartOf":{"@id":"https:\/\/videos2016.net\/#website"},"datePublished":"2025-11-27T18:55:53+00:00","dateModified":"2026-02-21T22:39:23+00:00","breadcrumb":{"@id":"https:\/\/videos2016.net\/?page_id=64#breadcrumb"},"inLanguage":"fr-FR","potentialAction":[{"@type":"ReadAction","target":["https:\/\/videos2016.net\/?page_id=64"]}]},{"@type":"BreadcrumbList","@id":"https:\/\/videos2016.net\/?page_id=64#breadcrumb","itemListElement":[{"@type":"ListItem","position":1,"name":"Accueil","item":"https:\/\/videos2016.net\/"},{"@type":"ListItem","position":2,"name":"politique de confidentialit\u00e9"}]},{"@type":"WebSite","@id":"https:\/\/videos2016.net\/#website","url":"https:\/\/videos2016.net\/","name":"News","description":"","potentialAction":[{"@type":"SearchAction","target":{"@type":"EntryPoint","urlTemplate":"https:\/\/videos2016.net\/?s={search_term_string}"},"query-input":{"@type":"PropertyValueSpecification","valueRequired":true,"valueName":"search_term_string"}}],"inLanguage":"fr-FR"}]}},"_links":{"self":[{"href":"https:\/\/videos2016.net\/index.php?rest_route=\/wp\/v2\/pages\/64","targetHints":{"allow":["GET"]}}],"collection":[{"href":"https:\/\/videos2016.net\/index.php?rest_route=\/wp\/v2\/pages"}],"about":[{"href":"https:\/\/videos2016.net\/index.php?rest_route=\/wp\/v2\/types\/page"}],"author":[{"embeddable":true,"href":"https:\/\/videos2016.net\/index.php?rest_route=\/wp\/v2\/users\/1"}],"replies":[{"embeddable":true,"href":"https:\/\/videos2016.net\/index.php?rest_route=%2Fwp%2Fv2%2Fcomments&post=64"}],"version-history":[{"count":2,"href":"https:\/\/videos2016.net\/index.php?rest_route=\/wp\/v2\/pages\/64\/revisions"}],"predecessor-version":[{"id":296,"href":"https:\/\/videos2016.net\/index.php?rest_route=\/wp\/v2\/pages\/64\/revisions\/296"}],"wp:attachment":[{"href":"https:\/\/videos2016.net\/index.php?rest_route=%2Fwp%2Fv2%2Fmedia&parent=64"}],"curies":[{"name":"wp","href":"https:\/\/api.w.org\/{rel}","templated":true}]}}